{"id":177,"date":"2021-09-21T20:50:59","date_gmt":"2021-09-21T20:50:59","guid":{"rendered":"http:\/\/lowcarbmom.de\/?page_id=177"},"modified":"2026-02-28T09:47:14","modified_gmt":"2026-02-28T09:47:14","slug":"agbs","status":"publish","type":"page","link":"https:\/\/lowcarbmom.de\/?page_id=177","title":{"rendered":"AGBs"},"content":{"rendered":"\t\t<div data-elementor-type=\"wp-page\" data-elementor-id=\"177\" class=\"elementor elementor-177\">\n\t\t\t\t\t\t<section class=\"elementor-section elementor-top-section elementor-element elementor-element-46bb0e87 elementor-section-boxed elementor-section-height-default elementor-section-height-default\" data-id=\"46bb0e87\" data-element_type=\"section\">\n\t\t\t\t\t\t<div class=\"elementor-container elementor-column-gap-default\">\n\t\t\t\t\t<div class=\"elementor-column elementor-col-100 elementor-top-column elementor-element elementor-element-5be8f21b\" data-id=\"5be8f21b\" data-element_type=\"column\">\n\t\t\t<div class=\"elementor-widget-wrap elementor-element-populated\">\n\t\t\t\t\t\t<div class=\"elementor-element elementor-element-7d2a32cb elementor-widget elementor-widget-text-editor\" data-id=\"7d2a32cb\" data-element_type=\"widget\" data-widget_type=\"text-editor.default\">\n\t\t\t\t<div class=\"elementor-widget-container\">\n\t\t\t\t\t\t\t\t\t<p><\/p>\n<p><strong>Allgemeine Gesch\u00e4ftsbedingungen&nbsp;<\/strong><\/p><p><strong>Low Carb Mom Heilpraktikerin Jennifer Neumann<\/strong><\/p>\n<p><\/p>\n<p><strong>Geltungsbereich<\/strong><\/p>\n<p><\/p>\n<p>Die nachfolgenden allgemeinen Gesch\u00e4ftsbedingungen gelten f\u00fcr die Beratungsleistung durch den Ern\u00e4hrungs- und Gesundheitscoach Jennifer Neumann (<a href=\"http:\/\/www.lowcarbmom.de\">www.lowcarbmom.de<\/a>) Die AGB werden anerkannt, sobald der Beratungsvertrag geschlossen wird.<\/p>\n<p><\/p>\n<p><strong>Leistungsumfang<\/strong><\/p>\n<p><\/p>\n<p>Bei allen angebotenen Leistungen (Ern\u00e4hrungsberatung, Gewichtsreduktion, Sportern\u00e4hrung sowie orthomolekularer Ern\u00e4hrung und Mikron\u00e4hrstofferg\u00e4nzung) handelt es sich um Beratungsleistungen, die pers\u00f6nlich auf den Kunden zugeschnitten werden. Diese Informationen werden nach bestem Wissen und Gewissen weitergegeben und entsprechen bei Beratung stets dem aktuellen Wissensstand aus unterschiedlichen, vertrauensw\u00fcrdigen Quellen. Es besteht dennoch kein Anspruch auf Vollst\u00e4ndigkeit.<\/p>\n<p><\/p>\n<p><strong>Die Informationen, die dem Kunden im<\/strong><br><strong>Rahmen der Beratung bereitgestellt werden, stellen keine medizinischen<\/strong><br><strong>Ratschl\u00e4ge dar und ersetzen keine&nbsp;medizinische Diagnose oder die<\/strong><br><strong>Behandlung durch einen Arzt.<\/strong><\/p>\n<p><\/p>\n<p><strong>Haftungsbeschr\u00e4nkung und Gew\u00e4hrleistung<\/strong><\/p>\n<p><\/p>\n<p>Eine Haftung f\u00fcr direkte oder indirekte Folgesch\u00e4den durch die Beratung wird ausgeschlossen. Es kann trotz sorgf\u00e4ltiger Beratung keine Garantie f\u00fcr den Erfolg der Leistungen \u00fcbernommen werden. Der Kunde nutzt das durch das Beratungsgespr\u00e4ch erlangte Wissen in eigener Verantwortung f\u00fcr sich und seine Gesundheit. Die Beratung ist somit Hilfe zur Selbsthilfe, der Erfolg der Beratung liegt au\u00dferhalb des Einflussbereichs der Ern\u00e4hrungsberaterin und h\u00e4ngt wesentlich von der Mitarbeit des zu beratenden Kunden ab.<\/p>\n<p><\/p>\n<p><strong>Anmelde- und Zahlungsbedingungen<\/strong><\/p>\n<p><\/p>\n<p>Mit \u00dcbermittlung der Anmeldedaten an den<br>Coach und Zustimmung zu den hier aufgef\u00fchrten AGB, egal ob in elektronischer<br>oder postalischer Form, geht der Kunde einen bindenden Vertag \u00fcber die<br>bestellte Beratungsleistung ein.<\/p>\n<p><\/p>\n<p><strong>F\u00fcr Gruppenkurse gilt:<\/strong> Die Zahlung des Entgelts f\u00fcr die bestellten<br>Beratungsleistungen ist in vereinbarter H\u00f6he umgehend nach \u00dcbermittlung der<br>Anmeldedaten f\u00e4llig.<\/p>\n<p><\/p>\n<p><strong>F\u00fcr Einzelberatungen gilt:<\/strong>&nbsp;Die Zahlung des Entgelts f\u00fcr die bestellten<br>Beratungsleistungen ist in vereinbarter H\u00f6he nach Rechnungsstellung im<br>Anschluss an die durchgef\u00fchrte Beratung umgehend f\u00e4llig. Erfolgt die Zahlung<br>nicht innerhalb von 14 Tagen, beh\u00e4lt sich der Ern\u00e4hrungscoach Jennifer Neumann<br>das Recht vor, nach einmaliger, erfolgloser Zahlungserinnerung ein<br>Inkassounternehmen zu beauftragen. Die dadurch entstandenen Kosten tr\u00e4gt der<br>Schuldner.<\/p>\n<p><\/p>\n<p>Eine \u00dcbersicht \u00fcber die aktuellen Preise der Beratungsangebote finden Sie auf dieser Seite. \u00dcblicherweise findet die Beratung in 74252 Massenbachhausen bzw. via Onlinekonferenz statt. F\u00fcr Beratungen und Coachings au\u00dferhalb der Beratungsr\u00e4ume kann eine Anreisepauschale f\u00e4llig werden.<\/p>\n<p><\/p>\n<p><strong>Stornierung, Verschiebung<\/strong><\/p>\n<p><\/p>\n<p>Da bereits vor dem ersten<br>Beratungstermin pers\u00f6nlich auf den Kunden zugeschnittene Leistungen von Seiten<br>der Ern\u00e4hrungsberaterin erbracht werden, ist eine kostenfreie Stornierung des<br>Beratungsvertrages nur bis maximal 3 Tage vor Beratungsbeginn m\u00f6glich.<\/p>\n<p><\/p>\n<p>Bei sp\u00e4terer Stornierung wird ein<br>Unkostenbeitrag in H\u00f6he von 50% des urspr\u00fcnglichen Beratungsentgelt f\u00e4llig.<\/p>\n<p><\/p>\n<p>Bei Nichterscheinen des Kundens ohne vorherige Absage wird das Entgelt voll f\u00e4llig.<\/p>\n<p><\/p>\n<p>Terminverschiebungen oder<br>Teilstornierungen sind bei Gruppenkursen generell nicht m\u00f6glich und k\u00f6nnen bei<br>Einzelberatung nur nach vorheriger Zurkenntnisnahme der Ern\u00e4hrungsberaterin<br>erfolgen.<\/p>\n<p><\/p>\n<p>Stornierungen oder Terminverschiebungen<br>m\u00fcssen grunds\u00e4tzlich per E-Mail oder telefonisch mit der Ern\u00e4hrungsberaterin<br>abgekl\u00e4rt werden.<\/p>\n<p><\/p>\n<p><strong>Absagen von Seiten des Veranstalters<br>oder aufgrund unvorhersehbarer Ereignisse<\/strong><\/p>\n<p><\/p>\n<p>Der Ern\u00e4hrungscoach beh\u00e4lt sich vor,<br>Gruppenkurse bei zu geringer Anmeldungszahl abzusagen bzw. zu verschieben. Im<br>Falle eines Kursausfalls wird den bereits angemeldeten Teilnehmern der<br>Kursbeitrag vollst\u00e4ndig zur\u00fcckerstattet.<\/p>\n<p><\/p>\n<p>Sollte die Durchf\u00fchrung einer<br>Veranstaltung aufgrund unvorhersehbarer Umst\u00e4nde (Wetterverh\u00e4ltnisse,<br>pl\u00f6tzliche Erkrankung des Veranstalters, etc.) unm\u00f6glich sein, beh\u00e4lt sich der<br>Veranstalter das Recht vor, die Termine auch kurzfristig zu verschieben.<\/p>\n<p><\/p>\n<p><strong>Datenschutz und Schweigepflicht&nbsp;<\/strong><\/p>\n<p><\/p>\n<p>Der Kunde stimmt der elektronischen<br>Datenverarbeitung im Rahmen der nachfolgenden Regelungen ausdr\u00fccklich zu.<br>Kundendaten werden absolut vertraulich behandelt. Die mitgeteilten Daten des<br>Kunden werden ausschlie\u00dflich f\u00fcr die bedarfsgerechte Erstellung pers\u00f6nlicher<br>Angebote und Beratungen sowie zu Zwecken der eigenen Marktforschung genutzt.<br>Eine Weitergabe der Daten an Dritte erfolgt nicht.<\/p>\n<p><\/p>\n<p>F\u00fcr die Ern\u00e4hrungsberaterin gilt im<br>Bezug auf alle Angelegenheiten, die im Rahmen der Beratung besprochen werden,<br>die Schweigepflicht. Dies gilt auch nach Beendigung des Vertrages. Eine<br>Entbindung von der Schweigepflicht gegen\u00fcber behandelnden \u00c4rzten oder anderen<br>Personen muss durch den Patienten schriftlich genehmigt werden.<\/p>\n<p><\/p>\n<p><strong>Schutz des Eigentums<\/strong><\/p>\n<p><\/p>\n<p>Die im Rahmen der Ern\u00e4hrungsberatung<br>ausgearbeiteten Informationsmaterialien, Berichte, Analysen und sonstige<br>Unterlagen sind ausschlie\u00dflich personenbezogen und nicht von Dritten nutzbar.<br>Der Kunde erh\u00e4lt das ausschlie\u00dfliche und uneingeschr\u00e4nkt nicht \u00fcbertragbare<br>Nutzungsrecht an allen Dokumenten und verpflichtet sich diese ausschlie\u00dflich<br>f\u00fcr eigene Zwecke zu nutzen und nicht an Dritte weiterzugeben.<\/p>\n<p><\/p>\n<p><strong>Salvatorische Klausel<\/strong><\/p>\n<p><\/p>\n<p>Sollte eine der oben genannten<br>Bedingungen ung\u00fcltig sein, so ist die Wirksamkeit&nbsp;des Vertrages unber\u00fchrt.<br>Die Ung\u00fcltigkeit wird durch eine individuelle Regelung durch beide Parteien<br>ersetzt.<\/p>\n<p><\/p>\t\t\t\t\t\t\t\t<\/div>\n\t\t\t\t<\/div>\n\t\t\t\t\t<\/div>\n\t\t<\/div>\n\t\t\t\t\t<\/div>\n\t\t<\/section>\n\t\t\t\t<\/div>\n\t\t","protected":false},"excerpt":{"rendered":"<p>Allgemeine Gesch\u00e4ftsbedingungen&nbsp; Low Carb Mom Heilpraktikerin Jennifer Neumann Geltungsbereich Die nachfolgenden allgemeinen Gesch\u00e4ftsbedingungen gelten f\u00fcr die Beratungsleistung durch den Ern\u00e4hrungs- und Gesundheitscoach Jennifer Neumann (www.lowcarbmom.de) Die AGB werden anerkannt, sobald der Beratungsvertrag geschlossen wird. Leistungsumfang Bei allen angebotenen Leistungen (Ern\u00e4hrungsberatung, Gewichtsreduktion, Sportern\u00e4hrung sowie orthomolekularer Ern\u00e4hrung und Mikron\u00e4hrstofferg\u00e4nzung) handelt es sich um Beratungsleistungen, die pers\u00f6nlich auf den Kunden zugeschnitten werden. Diese Informationen werden nach bestem Wissen und Gewissen weitergegeben und entsprechen bei Beratung stets dem aktuellen Wissensstand aus unterschiedlichen, vertrauensw\u00fcrdigen Quellen. Es besteht dennoch kein Anspruch auf Vollst\u00e4ndigkeit. Die Informationen, die dem Kunden imRahmen der Beratung bereitgestellt werden, stellen keine medizinischenRatschl\u00e4ge dar und ersetzen keine&nbsp;medizinische Diagnose oder dieBehandlung durch einen Arzt. Haftungsbeschr\u00e4nkung und Gew\u00e4hrleistung Eine Haftung f\u00fcr direkte oder indirekte Folgesch\u00e4den durch die Beratung wird ausgeschlossen. Es kann trotz sorgf\u00e4ltiger Beratung keine Garantie f\u00fcr den Erfolg der Leistungen \u00fcbernommen werden. Der Kunde nutzt das durch das Beratungsgespr\u00e4ch erlangte Wissen in eigener Verantwortung f\u00fcr sich und seine Gesundheit. Die Beratung ist somit Hilfe zur Selbsthilfe, der Erfolg der Beratung liegt au\u00dferhalb des Einflussbereichs der Ern\u00e4hrungsberaterin und h\u00e4ngt wesentlich von der Mitarbeit des zu beratenden Kunden ab. Anmelde- und Zahlungsbedingungen Mit \u00dcbermittlung der Anmeldedaten an denCoach und Zustimmung zu den hier aufgef\u00fchrten AGB, egal ob in elektronischeroder postalischer Form, geht der Kunde einen bindenden Vertag \u00fcber diebestellte Beratungsleistung ein. F\u00fcr Gruppenkurse gilt: Die Zahlung des Entgelts f\u00fcr die bestelltenBeratungsleistungen ist in vereinbarter H\u00f6he umgehend nach \u00dcbermittlung derAnmeldedaten f\u00e4llig. F\u00fcr Einzelberatungen gilt:&nbsp;Die Zahlung des Entgelts f\u00fcr die bestelltenBeratungsleistungen ist in vereinbarter H\u00f6he nach Rechnungsstellung imAnschluss an die durchgef\u00fchrte Beratung umgehend f\u00e4llig. Erfolgt die Zahlungnicht innerhalb von 14 Tagen, beh\u00e4lt sich der Ern\u00e4hrungscoach Jennifer Neumanndas Recht vor, nach einmaliger, erfolgloser Zahlungserinnerung einInkassounternehmen zu beauftragen. Die dadurch entstandenen Kosten tr\u00e4gt derSchuldner. Eine \u00dcbersicht \u00fcber die aktuellen Preise der Beratungsangebote finden Sie auf dieser Seite. \u00dcblicherweise findet die Beratung in 74252 Massenbachhausen bzw. via Onlinekonferenz statt. F\u00fcr Beratungen und Coachings au\u00dferhalb der Beratungsr\u00e4ume kann eine Anreisepauschale f\u00e4llig werden. Stornierung, Verschiebung Da bereits vor dem erstenBeratungstermin pers\u00f6nlich auf den Kunden zugeschnittene Leistungen von Seitender Ern\u00e4hrungsberaterin erbracht werden, ist eine kostenfreie Stornierung desBeratungsvertrages nur bis maximal 3 Tage vor Beratungsbeginn m\u00f6glich. Bei sp\u00e4terer Stornierung wird einUnkostenbeitrag in H\u00f6he von 50% des urspr\u00fcnglichen Beratungsentgelt f\u00e4llig. Bei Nichterscheinen des Kundens ohne vorherige Absage wird das Entgelt voll f\u00e4llig. Terminverschiebungen oderTeilstornierungen sind bei Gruppenkursen generell nicht m\u00f6glich und k\u00f6nnen beiEinzelberatung nur nach vorheriger Zurkenntnisnahme der Ern\u00e4hrungsberaterinerfolgen. Stornierungen oder Terminverschiebungenm\u00fcssen grunds\u00e4tzlich per E-Mail oder telefonisch mit der Ern\u00e4hrungsberaterinabgekl\u00e4rt werden. Absagen von Seiten des Veranstaltersoder aufgrund unvorhersehbarer Ereignisse Der Ern\u00e4hrungscoach beh\u00e4lt sich vor,Gruppenkurse bei zu geringer Anmeldungszahl abzusagen bzw. zu verschieben. ImFalle eines Kursausfalls wird den bereits angemeldeten Teilnehmern derKursbeitrag vollst\u00e4ndig zur\u00fcckerstattet. Sollte die Durchf\u00fchrung einerVeranstaltung aufgrund unvorhersehbarer Umst\u00e4nde (Wetterverh\u00e4ltnisse,pl\u00f6tzliche Erkrankung des Veranstalters, etc.) unm\u00f6glich sein, beh\u00e4lt sich derVeranstalter das Recht vor, die Termine auch kurzfristig zu verschieben. Datenschutz und Schweigepflicht&nbsp; Der Kunde stimmt der elektronischenDatenverarbeitung im Rahmen der nachfolgenden Regelungen ausdr\u00fccklich zu.Kundendaten werden absolut vertraulich behandelt. Die mitgeteilten Daten desKunden werden ausschlie\u00dflich f\u00fcr die bedarfsgerechte Erstellung pers\u00f6nlicherAngebote und Beratungen sowie zu Zwecken der eigenen Marktforschung genutzt.Eine Weitergabe der Daten an Dritte erfolgt nicht. F\u00fcr die Ern\u00e4hrungsberaterin gilt imBezug auf alle Angelegenheiten, die im Rahmen der Beratung besprochen werden,die Schweigepflicht. Dies gilt auch nach Beendigung des Vertrages. EineEntbindung von der Schweigepflicht gegen\u00fcber behandelnden \u00c4rzten oder anderenPersonen muss durch den Patienten schriftlich genehmigt werden. Schutz des Eigentums Die im Rahmen der Ern\u00e4hrungsberatungausgearbeiteten Informationsmaterialien, Berichte, Analysen und sonstigeUnterlagen sind ausschlie\u00dflich personenbezogen und nicht von Dritten nutzbar.Der Kunde erh\u00e4lt das ausschlie\u00dfliche und uneingeschr\u00e4nkt nicht \u00fcbertragbareNutzungsrecht an allen Dokumenten und verpflichtet sich diese ausschlie\u00dflichf\u00fcr eigene Zwecke zu nutzen und nicht an Dritte weiterzugeben. Salvatorische Klausel Sollte eine der oben genanntenBedingungen ung\u00fcltig sein, so ist die Wirksamkeit&nbsp;des Vertrages unber\u00fchrt.Die Ung\u00fcltigkeit wird durch eine individuelle Regelung durch beide Parteienersetzt.<\/p>\n","protected":false},"author":1,"featured_media":0,"parent":0,"menu_order":0,"comment_status":"closed","ping_status":"closed","template":"","meta":{"footnotes":""},"_links":{"self":[{"href":"https:\/\/lowcarbmom.de\/index.php?rest_route=\/wp\/v2\/pages\/177"}],"collection":[{"href":"https:\/\/lowcarbmom.de\/index.php?rest_route=\/wp\/v2\/pages"}],"about":[{"href":"https:\/\/lowcarbmom.de\/index.php?rest_route=\/wp\/v2\/types\/page"}],"author":[{"embeddable":true,"href":"https:\/\/lowcarbmom.de\/index.php?rest_route=\/wp\/v2\/users\/1"}],"replies":[{"embeddable":true,"href":"https:\/\/lowcarbmom.de\/index.php?rest_route=%2Fwp%2Fv2%2Fcomments&post=177"}],"version-history":[{"count":5,"href":"https:\/\/lowcarbmom.de\/index.php?rest_route=\/wp\/v2\/pages\/177\/revisions"}],"predecessor-version":[{"id":577,"href":"https:\/\/lowcarbmom.de\/index.php?rest_route=\/wp\/v2\/pages\/177\/revisions\/577"}],"wp:attachment":[{"href":"https:\/\/lowcarbmom.de\/index.php?rest_route=%2Fwp%2Fv2%2Fmedia&parent=177"}],"curies":[{"name":"wp","href":"https:\/\/api.w.org\/{rel}","templated":true}]}}